{"id":29711,"date":"2021-11-29T11:27:52","date_gmt":"2021-11-29T11:27:52","guid":{"rendered":"https:\/\/bookzo.resetwebstudio.nl\/disclaimer\/"},"modified":"2021-11-29T11:28:02","modified_gmt":"2021-11-29T11:28:02","slug":"disclaimer","status":"publish","type":"page","link":"https:\/\/vlugtenburg.nl\/de\/disclaimer\/","title":{"rendered":"Disclaimer"},"content":{"rendered":"\t\t<div data-elementor-type=\"wp-page\" data-elementor-id=\"29711\" class=\"elementor elementor-29711 elementor-24544\" data-elementor-post-type=\"page\">\n\t\t\t\t\t\t<section class=\"elementor-section elementor-top-section elementor-element elementor-element-ff3adde elementor-section-boxed elementor-section-height-default elementor-section-height-default\" data-id=\"ff3adde\" data-element_type=\"section\" data-e-type=\"section\" data-settings=\"{&quot;background_background&quot;:&quot;classic&quot;,&quot;shape_divider_bottom&quot;:&quot;wave-brush&quot;,&quot;jet_parallax_layout_list&quot;:[]}\">\n\t\t\t\t\t\t\t<div class=\"elementor-background-overlay\"><\/div>\n\t\t\t\t\t\t<div class=\"elementor-shape elementor-shape-bottom\" aria-hidden=\"true\" data-negative=\"false\">\n\t\t\t<svg xmlns=\"http:\/\/www.w3.org\/2000\/svg\" viewBox=\"0 0 283.5 27.8\" preserveAspectRatio=\"none\">\n\t<path class=\"elementor-shape-fill\" d=\"M283.5,9.7c0,0-7.3,4.3-14,4.6c-6.8,0.3-12.6,0-20.9-1.5c-11.3-2-33.1-10.1-44.7-5.7\ts-12.1,4.6-18,7.4c-6.6,3.2-20,9.6-36.6,9.3C131.6,23.5,99.5,7.2,86.3,8c-1.4,0.1-6.6,0.8-10.5,2c-3.8,1.2-9.4,3.8-17,4.7\tc-3.2,0.4-8.3,1.1-14.2,0.9c-1.5-0.1-6.3-0.4-12-1.6c-5.7-1.2-11-3.1-15.8-3.7C6.5,9.2,0,10.8,0,10.8V0h283.5V9.7z M260.8,11.3\tc-0.7-1-2-0.4-4.3-0.4c-2.3,0-6.1-1.2-5.8-1.1c0.3,0.1,3.1,1.5,6,1.9C259.7,12.2,261.4,12.3,260.8,11.3z M242.4,8.6\tc0,0-2.4-0.2-5.6-0.9c-3.2-0.8-10.3-2.8-15.1-3.5c-8.2-1.1-15.8,0-15.1,0.1c0.8,0.1,9.6-0.6,17.6,1.1c3.3,0.7,9.3,2.2,12.4,2.7\tC239.9,8.7,242.4,8.6,242.4,8.6z M185.2,8.5c1.7-0.7-13.3,4.7-18.5,6.1c-2.1,0.6-6.2,1.6-10,2c-3.9,0.4-8.9,0.4-8.8,0.5\tc0,0.2,5.8,0.8,11.2,0c5.4-0.8,5.2-1.1,7.6-1.6C170.5,14.7,183.5,9.2,185.2,8.5z M199.1,6.9c0.2,0-0.8-0.4-4.8,1.1\tc-4,1.5-6.7,3.5-6.9,3.7c-0.2,0.1,3.5-1.8,6.6-3C197,7.5,199,6.9,199.1,6.9z M283,6c-0.1,0.1-1.9,1.1-4.8,2.5s-6.9,2.8-6.7,2.7\tc0.2,0,3.5-0.6,7.4-2.5C282.8,6.8,283.1,5.9,283,6z M31.3,11.6c0.1-0.2-1.9-0.2-4.5-1.2s-5.4-1.6-7.8-2C15,7.6,7.3,8.5,7.7,8.6\tC8,8.7,15.9,8.3,20.2,9.3c2.2,0.5,2.4,0.5,5.7,1.6S31.2,11.9,31.3,11.6z M73,9.2c0.4-0.1,3.5-1.6,8.4-2.6c4.9-1.1,8.9-0.5,8.9-0.8\tc0-0.3-1-0.9-6.2-0.3S72.6,9.3,73,9.2z M71.6,6.7C71.8,6.8,75,5.4,77.3,5c2.3-0.3,1.9-0.5,1.9-0.6c0-0.1-1.1-0.2-2.7,0.2\tC74.8,5.1,71.4,6.6,71.6,6.7z M93.6,4.4c0.1,0.2,3.5,0.8,5.6,1.8c2.1,1,1.8,0.6,1.9,0.5c0.1-0.1-0.8-0.8-2.4-1.3\tC97.1,4.8,93.5,4.2,93.6,4.4z M65.4,11.1c-0.1,0.3,0.3,0.5,1.9-0.2s2.6-1.3,2.2-1.2s-0.9,0.4-2.5,0.8C65.3,10.9,65.5,10.8,65.4,11.1\tz M34.5,12.4c-0.2,0,2.1,0.8,3.3,0.9c1.2,0.1,2,0.1,2-0.2c0-0.3-0.1-0.5-1.6-0.4C36.6,12.8,34.7,12.4,34.5,12.4z M152.2,21.1\tc-0.1,0.1-2.4-0.3-7.5-0.3c-5,0-13.6-2.4-17.2-3.5c-3.6-1.1,10,3.9,16.5,4.1C150.5,21.6,152.3,21,152.2,21.1z\"\/>\n\t<path class=\"elementor-shape-fill\" d=\"M269.6,18c-0.1-0.1-4.6,0.3-7.2,0c-7.3-0.7-17-3.2-16.6-2.9c0.4,0.3,13.7,3.1,17,3.3\tC267.7,18.8,269.7,18,269.6,18z\"\/>\n\t<path class=\"elementor-shape-fill\" d=\"M227.4,9.8c-0.2-0.1-4.5-1-9.5-1.2c-5-0.2-12.7,0.6-12.3,0.5c0.3-0.1,5.9-1.8,13.3-1.2\tS227.6,9.9,227.4,9.8z\"\/>\n\t<path class=\"elementor-shape-fill\" d=\"M204.5,13.4c-0.1-0.1,2-1,3.2-1.1c1.2-0.1,2,0,2,0.3c0,0.3-0.1,0.5-1.6,0.4\tC206.4,12.9,204.6,13.5,204.5,13.4z\"\/>\n\t<path class=\"elementor-shape-fill\" d=\"M201,10.6c0-0.1-4.4,1.2-6.3,2.2c-1.9,0.9-6.2,3.1-6.1,3.1c0.1,0.1,4.2-1.6,6.3-2.6\tS201,10.7,201,10.6z\"\/>\n\t<path class=\"elementor-shape-fill\" d=\"M154.5,26.7c-0.1-0.1-4.6,0.3-7.2,0c-7.3-0.7-17-3.2-16.6-2.9c0.4,0.3,13.7,3.1,17,3.3\tC152.6,27.5,154.6,26.8,154.5,26.7z\"\/>\n\t<path class=\"elementor-shape-fill\" d=\"M41.9,19.3c0,0,1.2-0.3,2.9-0.1c1.7,0.2,5.8,0.9,8.2,0.7c4.2-0.4,7.4-2.7,7-2.6\tc-0.4,0-4.3,2.2-8.6,1.9c-1.8-0.1-5.1-0.5-6.7-0.4S41.9,19.3,41.9,19.3z\"\/>\n\t<path class=\"elementor-shape-fill\" d=\"M75.5,12.6c0.2,0.1,2-0.8,4.3-1.1c2.3-0.2,2.1-0.3,2.1-0.5c0-0.1-1.8-0.4-3.4,0\tC76.9,11.5,75.3,12.5,75.5,12.6z\"\/>\n\t<path class=\"elementor-shape-fill\" d=\"M15.6,13.2c0-0.1,4.3,0,6.7,0.5c2.4,0.5,5,1.9,5,2c0,0.1-2.7-0.8-5.1-1.4\tC19.9,13.7,15.7,13.3,15.6,13.2z\"\/>\n<\/svg>\t\t<\/div>\n\t\t\t\t\t<div class=\"elementor-container elementor-column-gap-default\">\n\t\t\t\t\t<div class=\"elementor-column elementor-col-100 elementor-top-column elementor-element elementor-element-2d2e4b3\" data-id=\"2d2e4b3\" data-element_type=\"column\" data-e-type=\"column\">\n\t\t\t<div class=\"elementor-widget-wrap elementor-element-populated\">\n\t\t\t\t\t\t<section class=\"elementor-section elementor-inner-section elementor-element elementor-element-deaf081 elementor-section-full_width elementor-section-height-min-height elementor-section-content-middle elementor-section-height-default\" data-id=\"deaf081\" data-element_type=\"section\" data-e-type=\"section\" data-settings=\"{&quot;background_background&quot;:&quot;classic&quot;,&quot;jet_parallax_layout_list&quot;:[]}\">\n\t\t\t\t\t\t<div class=\"elementor-container elementor-column-gap-default\">\n\t\t\t\t\t<div class=\"elementor-column elementor-col-100 elementor-inner-column elementor-element elementor-element-2e9aebb\" data-id=\"2e9aebb\" data-element_type=\"column\" data-e-type=\"column\">\n\t\t\t<div class=\"elementor-widget-wrap elementor-element-populated\">\n\t\t\t\t\t\t<div class=\"elementor-element elementor-element-0d81287 elementor-widget elementor-widget-heading\" data-id=\"0d81287\" data-element_type=\"widget\" data-e-type=\"widget\" data-widget_type=\"heading.default\">\n\t\t\t\t<div class=\"elementor-widget-container\">\n\t\t\t\t\t<h1 class=\"elementor-heading-title elementor-size-default\">Disclaimer<\/h1>\t\t\t\t<\/div>\n\t\t\t\t<\/div>\n\t\t\t\t\t<\/div>\n\t\t<\/div>\n\t\t\t\t\t<\/div>\n\t\t<\/section>\n\t\t\t\t\t<\/div>\n\t\t<\/div>\n\t\t\t\t\t<\/div>\n\t\t<\/section>\n\t\t\t\t<section class=\"elementor-section elementor-top-section elementor-element elementor-element-bf3d165 elementor-section-boxed elementor-section-height-default elementor-section-height-default\" data-id=\"bf3d165\" data-element_type=\"section\" data-e-type=\"section\" data-settings=\"{&quot;jet_parallax_layout_list&quot;:[]}\">\n\t\t\t\t\t\t<div class=\"elementor-container elementor-column-gap-default\">\n\t\t\t\t\t<div class=\"elementor-column elementor-col-100 elementor-top-column elementor-element elementor-element-6528b69\" data-id=\"6528b69\" data-element_type=\"column\" data-e-type=\"column\">\n\t\t\t<div class=\"elementor-widget-wrap elementor-element-populated\">\n\t\t\t\t\t\t\t<\/div>\n\t\t<\/div>\n\t\t\t\t\t<\/div>\n\t\t<\/section>\n\t\t\t\t<section class=\"elementor-section elementor-top-section elementor-element elementor-element-b74946a elementor-section-boxed elementor-section-height-default elementor-section-height-default\" data-id=\"b74946a\" data-element_type=\"section\" data-e-type=\"section\" data-settings=\"{&quot;jet_parallax_layout_list&quot;:[]}\">\n\t\t\t\t\t\t<div class=\"elementor-container elementor-column-gap-default\">\n\t\t\t\t\t<div class=\"elementor-column elementor-col-100 elementor-top-column elementor-element elementor-element-b1b9f93\" data-id=\"b1b9f93\" data-element_type=\"column\" data-e-type=\"column\">\n\t\t\t<div class=\"elementor-widget-wrap elementor-element-populated\">\n\t\t\t\t\t\t<div class=\"elementor-element elementor-element-2dd7045 elementor-widget elementor-widget-heading\" data-id=\"2dd7045\" data-element_type=\"widget\" data-e-type=\"widget\" data-widget_type=\"heading.default\">\n\t\t\t\t<div class=\"elementor-widget-container\">\n\t\t\t\t\t<h2 class=\"elementor-heading-title elementor-size-default\">Disclaimer<\/h2>\t\t\t\t<\/div>\n\t\t\t\t<\/div>\n\t\t\t\t<div class=\"elementor-element elementor-element-67e6c3f elementor-widget elementor-widget-text-editor\" data-id=\"67e6c3f\" data-element_type=\"widget\" data-e-type=\"widget\" data-widget_type=\"text-editor.default\">\n\t\t\t\t<div class=\"elementor-widget-container\">\n\t\t\t\t\t\t\t\t\t<p style=\"margin-right: 0px; margin-bottom: 0px; margin-left: 0px; padding: 0px 0px 1em; border: 0px; outline: 0px; font-size: 15px; text-size-adjust: 100%; vertical-align: baseline; background-image: initial; background-position: initial; background-size: initial; background-repeat: initial; background-attachment: initial; background-origin: initial; background-clip: initial; color: #6e6f71; font-family: Poppins, Helvetica, Arial, Lucida, sans-serif;\">Der Strandpark Vlugtenburg kann nicht f\u00fcr die Verf\u00fcgbarkeit und Richtigkeit der Informationen auf dieser Website garantieren. Vlugtenburg \u00fcbernimmt keine Haftung f\u00fcr Sch\u00e4den, die durch das Fehlen oder die Ungenauigkeit der auf dieser Website dargestellten Informationen verursacht werden, es sei denn, diese Sch\u00e4den sind auf Vorsatz oder grobe Fahrl\u00e4ssigkeit von Vlugtenburg zur\u00fcckzuf\u00fchren.<\/p>\n<p style=\"margin-right: 0px; margin-bottom: 0px; margin-left: 0px; padding: 0px; border: 0px; outline: 0px; font-size: 15px; text-size-adjust: 100%; vertical-align: baseline; background-image: initial; background-position: initial; background-size: initial; background-repeat: initial; background-attachment: initial; background-origin: initial; background-clip: initial; color: #6e6f71; font-family: Poppins, Helvetica, Arial, Lucida, sans-serif;\">Diese Website wurde mit gr\u00f6\u00dfter Sorgfalt zusammengestellt, und die darin enthaltenen Informationen werden als vertrauensw\u00fcrdig erachtet. Sie kann jedoch jederzeit und ohne Vorank\u00fcndigung ge\u00e4ndert werden. Daher kann Vlugtenburg keine Garantie f\u00fcr absolute Vollst\u00e4ndigkeit oder Richtigkeit geben.<br \/>Die Daten auf dieser Website d\u00fcrfen nicht ohne die Zustimmung von Vlugtenburg genutzt werden, au\u00dfer f\u00fcr ausschlie\u00dflich pers\u00f6nliche Zwecke. Fragen und Kommentare zur Website k\u00f6nnen per <a style=\"margin: 0px; padding: 0px; border: 0px; outline: 0px; text-size-adjust: 100%; vertical-align: baseline; background-image: initial; background-position: initial; background-size: initial; background-repeat: initial; background-attachment: initial; background-origin: initial; background-clip: initial; color: #e7464b !important;\" href=\"http:\/\/bookzo.vlugtenburg.nl\/contact\">E-Mail<\/a> gesendet werden.<\/p>\n\t\t\t\t\t\t\t\t<\/div>\n\t\t\t\t<\/div>\n\t\t\t\t\t<\/div>\n\t\t<\/div>\n\t\t\t\t\t<\/div>\n\t\t<\/section>\n\t\t\t\t<\/div>\n\t\t","protected":false},"excerpt":{"rendered":"<p>Disclaimer Disclaimer Der Strandpark Vlugtenburg kann nicht f\u00fcr die Verf\u00fcgbarkeit und Richtigkeit der Informationen auf dieser Website garantieren. Vlugtenburg \u00fcbernimmt keine Haftung f\u00fcr Sch\u00e4den, die durch das Fehlen oder die Ungenauigkeit der auf dieser Website dargestellten Informationen verursacht werden, es sei denn, diese Sch\u00e4den sind auf Vorsatz oder grobe Fahrl\u00e4ssigkeit von Vlugtenburg zur\u00fcckzuf\u00fchren. Diese Website [&hellip;]<\/p>\n","protected":false},"author":1,"featured_media":0,"parent":0,"menu_order":0,"comment_status":"closed","ping_status":"closed","template":"","meta":{"footnotes":""},"class_list":["post-29711","page","type-page","status-publish","hentry"],"yoast_head":"<!-- This site is optimized with the Yoast SEO plugin v27.5 - https:\/\/yoast.com\/product\/yoast-seo-wordpress\/ -->\n<title>Disclaimer - Strandpark Vlugtenburg<\/title>\n<meta name=\"description\" content=\"Diese Website wurde mit gr\u00f6\u00dfter Sorgfalt zusammengestellt, und die darin enthaltenen Informationen werden als vertrauensw\u00fcrdig erachtet.\" \/>\n<meta name=\"robots\" content=\"index, follow, max-snippet:-1, max-image-preview:large, max-video-preview:-1\" \/>\n<link rel=\"canonical\" href=\"https:\/\/vlugtenburg.nl\/de\/disclaimer\/\" \/>\n<meta property=\"og:locale\" content=\"de_DE\" \/>\n<meta property=\"og:type\" content=\"article\" \/>\n<meta property=\"og:title\" content=\"Disclaimer - Strandpark Vlugtenburg\" \/>\n<meta property=\"og:description\" content=\"Diese Website wurde mit gr\u00f6\u00dfter Sorgfalt zusammengestellt, und die darin enthaltenen Informationen werden als vertrauensw\u00fcrdig erachtet.\" \/>\n<meta property=\"og:url\" content=\"https:\/\/vlugtenburg.nl\/de\/disclaimer\/\" \/>\n<meta property=\"og:site_name\" content=\"Strandpark Vlugtenburg\" \/>\n<meta property=\"article:modified_time\" content=\"2021-11-29T11:28:02+00:00\" \/>\n<meta name=\"twitter:card\" content=\"summary_large_image\" \/>\n<meta name=\"twitter:label1\" content=\"Gesch\u00e4tzte Lesezeit\" \/>\n\t<meta name=\"twitter:data1\" content=\"1\u00a0Minute\" \/>\n<script type=\"application\/ld+json\" class=\"yoast-schema-graph\">{\"@context\":\"https:\\\/\\\/schema.org\",\"@graph\":[{\"@type\":\"WebPage\",\"@id\":\"https:\\\/\\\/vlugtenburg.nl\\\/de\\\/disclaimer\\\/\",\"url\":\"https:\\\/\\\/vlugtenburg.nl\\\/de\\\/disclaimer\\\/\",\"name\":\"Disclaimer - Strandpark Vlugtenburg\",\"isPartOf\":{\"@id\":\"https:\\\/\\\/vlugtenburg.nl\\\/de\\\/#website\"},\"datePublished\":\"2021-11-29T11:27:52+00:00\",\"dateModified\":\"2021-11-29T11:28:02+00:00\",\"description\":\"Diese Website wurde mit gr\u00f6\u00dfter Sorgfalt zusammengestellt, und die darin enthaltenen Informationen werden als vertrauensw\u00fcrdig erachtet.\",\"breadcrumb\":{\"@id\":\"https:\\\/\\\/vlugtenburg.nl\\\/de\\\/disclaimer\\\/#breadcrumb\"},\"inLanguage\":\"de\",\"potentialAction\":[{\"@type\":\"ReadAction\",\"target\":[\"https:\\\/\\\/vlugtenburg.nl\\\/de\\\/disclaimer\\\/\"]}]},{\"@type\":\"BreadcrumbList\",\"@id\":\"https:\\\/\\\/vlugtenburg.nl\\\/de\\\/disclaimer\\\/#breadcrumb\",\"itemListElement\":[{\"@type\":\"ListItem\",\"position\":1,\"name\":\"Home\",\"item\":\"https:\\\/\\\/vlugtenburg.nl\\\/de\\\/\"},{\"@type\":\"ListItem\",\"position\":2,\"name\":\"Disclaimer\"}]},{\"@type\":\"WebSite\",\"@id\":\"https:\\\/\\\/vlugtenburg.nl\\\/de\\\/#website\",\"url\":\"https:\\\/\\\/vlugtenburg.nl\\\/de\\\/\",\"name\":\"Strandpark Vlugtenburg\",\"description\":\"Vakantiepark aan zee\",\"publisher\":{\"@id\":\"https:\\\/\\\/vlugtenburg.nl\\\/de\\\/#organization\"},\"potentialAction\":[{\"@type\":\"SearchAction\",\"target\":{\"@type\":\"EntryPoint\",\"urlTemplate\":\"https:\\\/\\\/vlugtenburg.nl\\\/de\\\/?s={search_term_string}\"},\"query-input\":{\"@type\":\"PropertyValueSpecification\",\"valueRequired\":true,\"valueName\":\"search_term_string\"}}],\"inLanguage\":\"de\"},{\"@type\":\"Organization\",\"@id\":\"https:\\\/\\\/vlugtenburg.nl\\\/de\\\/#organization\",\"name\":\"Strandpark Vlugtenburg\",\"url\":\"https:\\\/\\\/vlugtenburg.nl\\\/de\\\/\",\"logo\":{\"@type\":\"ImageObject\",\"inLanguage\":\"de\",\"@id\":\"https:\\\/\\\/vlugtenburg.nl\\\/de\\\/#\\\/schema\\\/logo\\\/image\\\/\",\"url\":\"https:\\\/\\\/vlugtenburg.nl\\\/wp-content\\\/uploads\\\/2021\\\/08\\\/logo-vlugtenburg.svg\",\"contentUrl\":\"https:\\\/\\\/vlugtenburg.nl\\\/wp-content\\\/uploads\\\/2021\\\/08\\\/logo-vlugtenburg.svg\",\"width\":596,\"height\":123,\"caption\":\"Strandpark Vlugtenburg\"},\"image\":{\"@id\":\"https:\\\/\\\/vlugtenburg.nl\\\/de\\\/#\\\/schema\\\/logo\\\/image\\\/\"}}]}<\/script>\n<!-- \/ Yoast SEO plugin. -->","yoast_head_json":{"title":"Disclaimer - Strandpark Vlugtenburg","description":"Diese Website wurde mit gr\u00f6\u00dfter Sorgfalt zusammengestellt, und die darin enthaltenen Informationen werden als vertrauensw\u00fcrdig erachtet.","robots":{"index":"index","follow":"follow","max-snippet":"max-snippet:-1","max-image-preview":"max-image-preview:large","max-video-preview":"max-video-preview:-1"},"canonical":"https:\/\/vlugtenburg.nl\/de\/disclaimer\/","og_locale":"de_DE","og_type":"article","og_title":"Disclaimer - Strandpark Vlugtenburg","og_description":"Diese Website wurde mit gr\u00f6\u00dfter Sorgfalt zusammengestellt, und die darin enthaltenen Informationen werden als vertrauensw\u00fcrdig erachtet.","og_url":"https:\/\/vlugtenburg.nl\/de\/disclaimer\/","og_site_name":"Strandpark Vlugtenburg","article_modified_time":"2021-11-29T11:28:02+00:00","twitter_card":"summary_large_image","twitter_misc":{"Gesch\u00e4tzte Lesezeit":"1\u00a0Minute"},"schema":{"@context":"https:\/\/schema.org","@graph":[{"@type":"WebPage","@id":"https:\/\/vlugtenburg.nl\/de\/disclaimer\/","url":"https:\/\/vlugtenburg.nl\/de\/disclaimer\/","name":"Disclaimer - Strandpark Vlugtenburg","isPartOf":{"@id":"https:\/\/vlugtenburg.nl\/de\/#website"},"datePublished":"2021-11-29T11:27:52+00:00","dateModified":"2021-11-29T11:28:02+00:00","description":"Diese Website wurde mit gr\u00f6\u00dfter Sorgfalt zusammengestellt, und die darin enthaltenen Informationen werden als vertrauensw\u00fcrdig erachtet.","breadcrumb":{"@id":"https:\/\/vlugtenburg.nl\/de\/disclaimer\/#breadcrumb"},"inLanguage":"de","potentialAction":[{"@type":"ReadAction","target":["https:\/\/vlugtenburg.nl\/de\/disclaimer\/"]}]},{"@type":"BreadcrumbList","@id":"https:\/\/vlugtenburg.nl\/de\/disclaimer\/#breadcrumb","itemListElement":[{"@type":"ListItem","position":1,"name":"Home","item":"https:\/\/vlugtenburg.nl\/de\/"},{"@type":"ListItem","position":2,"name":"Disclaimer"}]},{"@type":"WebSite","@id":"https:\/\/vlugtenburg.nl\/de\/#website","url":"https:\/\/vlugtenburg.nl\/de\/","name":"Strandpark Vlugtenburg","description":"Vakantiepark aan zee","publisher":{"@id":"https:\/\/vlugtenburg.nl\/de\/#organization"},"potentialAction":[{"@type":"SearchAction","target":{"@type":"EntryPoint","urlTemplate":"https:\/\/vlugtenburg.nl\/de\/?s={search_term_string}"},"query-input":{"@type":"PropertyValueSpecification","valueRequired":true,"valueName":"search_term_string"}}],"inLanguage":"de"},{"@type":"Organization","@id":"https:\/\/vlugtenburg.nl\/de\/#organization","name":"Strandpark Vlugtenburg","url":"https:\/\/vlugtenburg.nl\/de\/","logo":{"@type":"ImageObject","inLanguage":"de","@id":"https:\/\/vlugtenburg.nl\/de\/#\/schema\/logo\/image\/","url":"https:\/\/vlugtenburg.nl\/wp-content\/uploads\/2021\/08\/logo-vlugtenburg.svg","contentUrl":"https:\/\/vlugtenburg.nl\/wp-content\/uploads\/2021\/08\/logo-vlugtenburg.svg","width":596,"height":123,"caption":"Strandpark Vlugtenburg"},"image":{"@id":"https:\/\/vlugtenburg.nl\/de\/#\/schema\/logo\/image\/"}}]}},"_links":{"self":[{"href":"https:\/\/vlugtenburg.nl\/de\/wp-json\/wp\/v2\/pages\/29711","targetHints":{"allow":["GET"]}}],"collection":[{"href":"https:\/\/vlugtenburg.nl\/de\/wp-json\/wp\/v2\/pages"}],"about":[{"href":"https:\/\/vlugtenburg.nl\/de\/wp-json\/wp\/v2\/types\/page"}],"author":[{"embeddable":true,"href":"https:\/\/vlugtenburg.nl\/de\/wp-json\/wp\/v2\/users\/1"}],"replies":[{"embeddable":true,"href":"https:\/\/vlugtenburg.nl\/de\/wp-json\/wp\/v2\/comments?post=29711"}],"version-history":[{"count":0,"href":"https:\/\/vlugtenburg.nl\/de\/wp-json\/wp\/v2\/pages\/29711\/revisions"}],"wp:attachment":[{"href":"https:\/\/vlugtenburg.nl\/de\/wp-json\/wp\/v2\/media?parent=29711"}],"curies":[{"name":"wp","href":"https:\/\/api.w.org\/{rel}","templated":true}]}}