{"id":42077,"date":"2024-04-18T10:19:49","date_gmt":"2024-04-18T10:19:49","guid":{"rendered":"https:\/\/testomgeving.vlugtenburg.nl\/job-quiz\/"},"modified":"2024-04-18T10:19:51","modified_gmt":"2024-04-18T10:19:51","slug":"job-quiz","status":"publish","type":"page","link":"https:\/\/vlugtenburg.nl\/de\/job-quiz\/","title":{"rendered":"Job-Quiz"},"content":{"rendered":"\t\t<div data-elementor-type=\"wp-page\" data-elementor-id=\"42077\" class=\"elementor elementor-42077\" data-elementor-post-type=\"page\">\n\t\t\t\t\t\t<section class=\"elementor-section elementor-top-section elementor-element elementor-element-1ba48a0 elementor-section-boxed elementor-section-height-default elementor-section-height-default\" data-id=\"1ba48a0\" data-element_type=\"section\" data-e-type=\"section\" data-settings=\"{&quot;background_background&quot;:&quot;classic&quot;,&quot;shape_divider_bottom&quot;:&quot;wave-brush&quot;,&quot;jet_parallax_layout_list&quot;:[]}\">\n\t\t\t\t\t\t\t<div class=\"elementor-background-overlay\"><\/div>\n\t\t\t\t\t\t<div class=\"elementor-shape elementor-shape-bottom\" aria-hidden=\"true\" data-negative=\"false\">\n\t\t\t<svg xmlns=\"http:\/\/www.w3.org\/2000\/svg\" viewBox=\"0 0 283.5 27.8\" preserveAspectRatio=\"none\">\n\t<path class=\"elementor-shape-fill\" d=\"M283.5,9.7c0,0-7.3,4.3-14,4.6c-6.8,0.3-12.6,0-20.9-1.5c-11.3-2-33.1-10.1-44.7-5.7\ts-12.1,4.6-18,7.4c-6.6,3.2-20,9.6-36.6,9.3C131.6,23.5,99.5,7.2,86.3,8c-1.4,0.1-6.6,0.8-10.5,2c-3.8,1.2-9.4,3.8-17,4.7\tc-3.2,0.4-8.3,1.1-14.2,0.9c-1.5-0.1-6.3-0.4-12-1.6c-5.7-1.2-11-3.1-15.8-3.7C6.5,9.2,0,10.8,0,10.8V0h283.5V9.7z M260.8,11.3\tc-0.7-1-2-0.4-4.3-0.4c-2.3,0-6.1-1.2-5.8-1.1c0.3,0.1,3.1,1.5,6,1.9C259.7,12.2,261.4,12.3,260.8,11.3z M242.4,8.6\tc0,0-2.4-0.2-5.6-0.9c-3.2-0.8-10.3-2.8-15.1-3.5c-8.2-1.1-15.8,0-15.1,0.1c0.8,0.1,9.6-0.6,17.6,1.1c3.3,0.7,9.3,2.2,12.4,2.7\tC239.9,8.7,242.4,8.6,242.4,8.6z M185.2,8.5c1.7-0.7-13.3,4.7-18.5,6.1c-2.1,0.6-6.2,1.6-10,2c-3.9,0.4-8.9,0.4-8.8,0.5\tc0,0.2,5.8,0.8,11.2,0c5.4-0.8,5.2-1.1,7.6-1.6C170.5,14.7,183.5,9.2,185.2,8.5z M199.1,6.9c0.2,0-0.8-0.4-4.8,1.1\tc-4,1.5-6.7,3.5-6.9,3.7c-0.2,0.1,3.5-1.8,6.6-3C197,7.5,199,6.9,199.1,6.9z M283,6c-0.1,0.1-1.9,1.1-4.8,2.5s-6.9,2.8-6.7,2.7\tc0.2,0,3.5-0.6,7.4-2.5C282.8,6.8,283.1,5.9,283,6z M31.3,11.6c0.1-0.2-1.9-0.2-4.5-1.2s-5.4-1.6-7.8-2C15,7.6,7.3,8.5,7.7,8.6\tC8,8.7,15.9,8.3,20.2,9.3c2.2,0.5,2.4,0.5,5.7,1.6S31.2,11.9,31.3,11.6z M73,9.2c0.4-0.1,3.5-1.6,8.4-2.6c4.9-1.1,8.9-0.5,8.9-0.8\tc0-0.3-1-0.9-6.2-0.3S72.6,9.3,73,9.2z M71.6,6.7C71.8,6.8,75,5.4,77.3,5c2.3-0.3,1.9-0.5,1.9-0.6c0-0.1-1.1-0.2-2.7,0.2\tC74.8,5.1,71.4,6.6,71.6,6.7z M93.6,4.4c0.1,0.2,3.5,0.8,5.6,1.8c2.1,1,1.8,0.6,1.9,0.5c0.1-0.1-0.8-0.8-2.4-1.3\tC97.1,4.8,93.5,4.2,93.6,4.4z M65.4,11.1c-0.1,0.3,0.3,0.5,1.9-0.2s2.6-1.3,2.2-1.2s-0.9,0.4-2.5,0.8C65.3,10.9,65.5,10.8,65.4,11.1\tz M34.5,12.4c-0.2,0,2.1,0.8,3.3,0.9c1.2,0.1,2,0.1,2-0.2c0-0.3-0.1-0.5-1.6-0.4C36.6,12.8,34.7,12.4,34.5,12.4z M152.2,21.1\tc-0.1,0.1-2.4-0.3-7.5-0.3c-5,0-13.6-2.4-17.2-3.5c-3.6-1.1,10,3.9,16.5,4.1C150.5,21.6,152.3,21,152.2,21.1z\"\/>\n\t<path class=\"elementor-shape-fill\" d=\"M269.6,18c-0.1-0.1-4.6,0.3-7.2,0c-7.3-0.7-17-3.2-16.6-2.9c0.4,0.3,13.7,3.1,17,3.3\tC267.7,18.8,269.7,18,269.6,18z\"\/>\n\t<path class=\"elementor-shape-fill\" d=\"M227.4,9.8c-0.2-0.1-4.5-1-9.5-1.2c-5-0.2-12.7,0.6-12.3,0.5c0.3-0.1,5.9-1.8,13.3-1.2\tS227.6,9.9,227.4,9.8z\"\/>\n\t<path class=\"elementor-shape-fill\" d=\"M204.5,13.4c-0.1-0.1,2-1,3.2-1.1c1.2-0.1,2,0,2,0.3c0,0.3-0.1,0.5-1.6,0.4\tC206.4,12.9,204.6,13.5,204.5,13.4z\"\/>\n\t<path class=\"elementor-shape-fill\" d=\"M201,10.6c0-0.1-4.4,1.2-6.3,2.2c-1.9,0.9-6.2,3.1-6.1,3.1c0.1,0.1,4.2-1.6,6.3-2.6\tS201,10.7,201,10.6z\"\/>\n\t<path class=\"elementor-shape-fill\" d=\"M154.5,26.7c-0.1-0.1-4.6,0.3-7.2,0c-7.3-0.7-17-3.2-16.6-2.9c0.4,0.3,13.7,3.1,17,3.3\tC152.6,27.5,154.6,26.8,154.5,26.7z\"\/>\n\t<path class=\"elementor-shape-fill\" d=\"M41.9,19.3c0,0,1.2-0.3,2.9-0.1c1.7,0.2,5.8,0.9,8.2,0.7c4.2-0.4,7.4-2.7,7-2.6\tc-0.4,0-4.3,2.2-8.6,1.9c-1.8-0.1-5.1-0.5-6.7-0.4S41.9,19.3,41.9,19.3z\"\/>\n\t<path class=\"elementor-shape-fill\" d=\"M75.5,12.6c0.2,0.1,2-0.8,4.3-1.1c2.3-0.2,2.1-0.3,2.1-0.5c0-0.1-1.8-0.4-3.4,0\tC76.9,11.5,75.3,12.5,75.5,12.6z\"\/>\n\t<path class=\"elementor-shape-fill\" d=\"M15.6,13.2c0-0.1,4.3,0,6.7,0.5c2.4,0.5,5,1.9,5,2c0,0.1-2.7-0.8-5.1-1.4\tC19.9,13.7,15.7,13.3,15.6,13.2z\"\/>\n<\/svg>\t\t<\/div>\n\t\t\t\t\t<div class=\"elementor-container elementor-column-gap-default\">\n\t\t\t\t\t<div class=\"elementor-column elementor-col-100 elementor-top-column elementor-element elementor-element-ced35e0\" data-id=\"ced35e0\" data-element_type=\"column\" data-e-type=\"column\">\n\t\t\t<div class=\"elementor-widget-wrap elementor-element-populated\">\n\t\t\t\t\t\t<div class=\"elementor-element elementor-element-d16d740 elementor-widget elementor-widget-heading\" data-id=\"d16d740\" data-element_type=\"widget\" data-e-type=\"widget\" data-widget_type=\"heading.default\">\n\t\t\t\t<div class=\"elementor-widget-container\">\n\t\t\t\t\t<h2 class=\"elementor-heading-title elementor-size-default\">Stellenangebots-Quiz<\/h2>\t\t\t\t<\/div>\n\t\t\t\t<\/div>\n\t\t\t\t\t<\/div>\n\t\t<\/div>\n\t\t\t\t\t<\/div>\n\t\t<\/section>\n\t\t\t\t<section class=\"elementor-section elementor-top-section elementor-element elementor-element-8da4674 elementor-section-boxed elementor-section-height-default elementor-section-height-default\" data-id=\"8da4674\" data-element_type=\"section\" data-e-type=\"section\" data-settings=\"{&quot;jet_parallax_layout_list&quot;:[]}\">\n\t\t\t\t\t\t<div class=\"elementor-container elementor-column-gap-default\">\n\t\t\t\t\t<div class=\"elementor-column elementor-col-100 elementor-top-column elementor-element elementor-element-2032dfd\" data-id=\"2032dfd\" data-element_type=\"column\" data-e-type=\"column\">\n\t\t\t<div class=\"elementor-widget-wrap elementor-element-populated\">\n\t\t\t\t\t\t<div class=\"elementor-element elementor-element-f09f16b elementor-widget elementor-widget-text-editor\" data-id=\"f09f16b\" data-element_type=\"widget\" data-e-type=\"widget\" data-widget_type=\"text-editor.default\">\n\t\t\t\t<div class=\"elementor-widget-container\">\n\t\t\t\t\t\t\t\t\t<p><strong>Sind Sie auf der Suche nach dem perfekten Job, der ganz zu Ihnen passt? Dann machen Sie gleich unser Quiz und sehen Sie, welche Stelle am besten zu Ihnen passt!  <\/strong><\/p>\n\t\t\t\t\t\t\t\t<\/div>\n\t\t\t\t<\/div>\n\t\t\t\t<div class=\"elementor-element elementor-element-fa38f25 elementor-widget elementor-widget-text-editor\" data-id=\"fa38f25\" data-element_type=\"widget\" data-e-type=\"widget\" data-widget_type=\"text-editor.default\">\n\t\t\t\t<div class=\"elementor-widget-container\">\n\t\t\t\t\t\t\t\t\t<p>Wir sind ein Ferienpark, der sich st\u00e4ndig weiterentwickelt und die W\u00fcnsche von unsere G\u00e4ste antizipiert. Dies erfordert ein Team wie unsere G\u00e4ste gerne verw\u00f6hnt und sehr flexibel ist. <\/p>\n\t\t\t\t\t\t\t\t<\/div>\n\t\t\t\t<\/div>\n\t\t\t\t\t<\/div>\n\t\t<\/div>\n\t\t\t\t\t<\/div>\n\t\t<\/section>\n\t\t\t\t<section class=\"elementor-section elementor-top-section elementor-element elementor-element-57485da elementor-section-boxed elementor-section-height-default elementor-section-height-default\" data-id=\"57485da\" data-element_type=\"section\" data-e-type=\"section\" data-settings=\"{&quot;jet_parallax_layout_list&quot;:[]}\">\n\t\t\t\t\t\t<div class=\"elementor-container elementor-column-gap-default\">\n\t\t\t\t\t<div class=\"elementor-column elementor-col-100 elementor-top-column elementor-element elementor-element-bd480af\" data-id=\"bd480af\" data-element_type=\"column\" data-e-type=\"column\">\n\t\t\t<div class=\"elementor-widget-wrap elementor-element-populated\">\n\t\t\t\t\t\t<div class=\"elementor-element elementor-element-a67a7c9 elementor-widget elementor-widget-shortcode\" data-id=\"a67a7c9\" data-element_type=\"widget\" data-e-type=\"widget\" data-widget_type=\"shortcode.default\">\n\t\t\t\t<div class=\"elementor-widget-container\">\n\t\t\t\t\t\t\t<div class=\"elementor-shortcode\">[wp_quiz id=\"32932\"]<\/div>\n\t\t\t\t\t\t<\/div>\n\t\t\t\t<\/div>\n\t\t\t\t\t<\/div>\n\t\t<\/div>\n\t\t\t\t\t<\/div>\n\t\t<\/section>\n\t\t\t\t<section class=\"elementor-section elementor-top-section elementor-element elementor-element-c07d32d elementor-section-boxed elementor-section-height-default elementor-section-height-default\" data-id=\"c07d32d\" data-element_type=\"section\" data-e-type=\"section\" data-settings=\"{&quot;jet_parallax_layout_list&quot;:[]}\">\n\t\t\t\t\t\t<div class=\"elementor-container elementor-column-gap-default\">\n\t\t\t\t\t<div class=\"elementor-column elementor-col-100 elementor-top-column elementor-element elementor-element-a4aab77\" data-id=\"a4aab77\" data-element_type=\"column\" data-e-type=\"column\">\n\t\t\t<div class=\"elementor-widget-wrap\">\n\t\t\t\t\t\t\t<\/div>\n\t\t<\/div>\n\t\t\t\t\t<\/div>\n\t\t<\/section>\n\t\t\t\t<section class=\"elementor-section elementor-top-section elementor-element elementor-element-9e6768b elementor-section-boxed elementor-section-height-default elementor-section-height-default\" data-id=\"9e6768b\" data-element_type=\"section\" data-e-type=\"section\" data-settings=\"{&quot;jet_parallax_layout_list&quot;:[]}\">\n\t\t\t\t\t\t<div class=\"elementor-container elementor-column-gap-default\">\n\t\t\t\t\t<div class=\"elementor-column elementor-col-100 elementor-top-column elementor-element elementor-element-e6d4034\" data-id=\"e6d4034\" data-element_type=\"column\" data-e-type=\"column\">\n\t\t\t<div class=\"elementor-widget-wrap elementor-element-populated\">\n\t\t\t\t\t\t<div class=\"elementor-element elementor-element-03997cf elementor-widget elementor-widget-text-editor\" data-id=\"03997cf\" data-element_type=\"widget\" data-e-type=\"widget\" data-widget_type=\"text-editor.default\">\n\t\t\t\t<div class=\"elementor-widget-container\">\n\t\t\t\t\t\t\t\t\t<p><b>Haben Sie alle Fragen beantwortet?  <\/b><\/p>\n<p>Dann wird das f\u00fcr Sie am besten geeignete Angebot in einem neuen Fenster geladen.<\/p>\n\t\t\t\t\t\t\t\t<\/div>\n\t\t\t\t<\/div>\n\t\t\t\t\t<\/div>\n\t\t<\/div>\n\t\t\t\t\t<\/div>\n\t\t<\/section>\n\t\t\t\t<\/div>\n\t\t","protected":false},"excerpt":{"rendered":"<p>Stellenangebots-Quiz Sind Sie auf der Suche nach dem perfekten Job, der ganz zu Ihnen passt? Dann machen Sie gleich unser Quiz und sehen Sie, welche Stelle am besten zu Ihnen passt! Wir sind ein Ferienpark, der sich st\u00e4ndig weiterentwickelt und die W\u00fcnsche von unsere G\u00e4ste antizipiert. Dies erfordert ein Team wie unsere G\u00e4ste gerne verw\u00f6hnt [&hellip;]<\/p>\n","protected":false},"author":1,"featured_media":0,"parent":0,"menu_order":0,"comment_status":"closed","ping_status":"closed","template":"","meta":{"footnotes":""},"class_list":["post-42077","page","type-page","status-publish","hentry"],"yoast_head":"<!-- This site is optimized with the Yoast SEO plugin v27.5 - https:\/\/yoast.com\/product\/yoast-seo-wordpress\/ -->\n<title>Job-Quiz - Strandpark Vlugtenburg<\/title>\n<meta name=\"robots\" content=\"index, follow, max-snippet:-1, max-image-preview:large, max-video-preview:-1\" \/>\n<link rel=\"canonical\" href=\"https:\/\/vlugtenburg.nl\/de\/job-quiz\/\" \/>\n<meta property=\"og:locale\" content=\"de_DE\" \/>\n<meta property=\"og:type\" content=\"article\" \/>\n<meta property=\"og:title\" content=\"Job-Quiz - Strandpark Vlugtenburg\" \/>\n<meta property=\"og:description\" content=\"Stellenangebots-Quiz Sind Sie auf der Suche nach dem perfekten Job, der ganz zu Ihnen passt? Dann machen Sie gleich unser Quiz und sehen Sie, welche Stelle am besten zu Ihnen passt! Wir sind ein Ferienpark, der sich st\u00e4ndig weiterentwickelt und die W\u00fcnsche von unsere G\u00e4ste antizipiert. Dies erfordert ein Team wie unsere G\u00e4ste gerne verw\u00f6hnt [&hellip;]\" \/>\n<meta property=\"og:url\" content=\"https:\/\/vlugtenburg.nl\/de\/job-quiz\/\" \/>\n<meta property=\"og:site_name\" content=\"Strandpark Vlugtenburg\" \/>\n<meta property=\"article:modified_time\" content=\"2024-04-18T10:19:51+00:00\" \/>\n<meta name=\"twitter:card\" content=\"summary_large_image\" \/>\n<script type=\"application\/ld+json\" class=\"yoast-schema-graph\">{\"@context\":\"https:\\\/\\\/schema.org\",\"@graph\":[{\"@type\":\"WebPage\",\"@id\":\"https:\\\/\\\/vlugtenburg.nl\\\/de\\\/job-quiz\\\/\",\"url\":\"https:\\\/\\\/vlugtenburg.nl\\\/de\\\/job-quiz\\\/\",\"name\":\"Job-Quiz - Strandpark Vlugtenburg\",\"isPartOf\":{\"@id\":\"https:\\\/\\\/vlugtenburg.nl\\\/de\\\/#website\"},\"datePublished\":\"2024-04-18T10:19:49+00:00\",\"dateModified\":\"2024-04-18T10:19:51+00:00\",\"breadcrumb\":{\"@id\":\"https:\\\/\\\/vlugtenburg.nl\\\/de\\\/job-quiz\\\/#breadcrumb\"},\"inLanguage\":\"de\",\"potentialAction\":[{\"@type\":\"ReadAction\",\"target\":[\"https:\\\/\\\/vlugtenburg.nl\\\/de\\\/job-quiz\\\/\"]}]},{\"@type\":\"BreadcrumbList\",\"@id\":\"https:\\\/\\\/vlugtenburg.nl\\\/de\\\/job-quiz\\\/#breadcrumb\",\"itemListElement\":[{\"@type\":\"ListItem\",\"position\":1,\"name\":\"Home\",\"item\":\"https:\\\/\\\/vlugtenburg.nl\\\/de\\\/\"},{\"@type\":\"ListItem\",\"position\":2,\"name\":\"Job-Quiz\"}]},{\"@type\":\"WebSite\",\"@id\":\"https:\\\/\\\/vlugtenburg.nl\\\/de\\\/#website\",\"url\":\"https:\\\/\\\/vlugtenburg.nl\\\/de\\\/\",\"name\":\"Strandpark Vlugtenburg\",\"description\":\"Vakantiepark aan zee\",\"publisher\":{\"@id\":\"https:\\\/\\\/vlugtenburg.nl\\\/de\\\/#organization\"},\"potentialAction\":[{\"@type\":\"SearchAction\",\"target\":{\"@type\":\"EntryPoint\",\"urlTemplate\":\"https:\\\/\\\/vlugtenburg.nl\\\/de\\\/?s={search_term_string}\"},\"query-input\":{\"@type\":\"PropertyValueSpecification\",\"valueRequired\":true,\"valueName\":\"search_term_string\"}}],\"inLanguage\":\"de\"},{\"@type\":\"Organization\",\"@id\":\"https:\\\/\\\/vlugtenburg.nl\\\/de\\\/#organization\",\"name\":\"Strandpark Vlugtenburg\",\"url\":\"https:\\\/\\\/vlugtenburg.nl\\\/de\\\/\",\"logo\":{\"@type\":\"ImageObject\",\"inLanguage\":\"de\",\"@id\":\"https:\\\/\\\/vlugtenburg.nl\\\/de\\\/#\\\/schema\\\/logo\\\/image\\\/\",\"url\":\"https:\\\/\\\/vlugtenburg.nl\\\/wp-content\\\/uploads\\\/2021\\\/08\\\/logo-vlugtenburg.svg\",\"contentUrl\":\"https:\\\/\\\/vlugtenburg.nl\\\/wp-content\\\/uploads\\\/2021\\\/08\\\/logo-vlugtenburg.svg\",\"width\":596,\"height\":123,\"caption\":\"Strandpark Vlugtenburg\"},\"image\":{\"@id\":\"https:\\\/\\\/vlugtenburg.nl\\\/de\\\/#\\\/schema\\\/logo\\\/image\\\/\"}}]}<\/script>\n<!-- \/ Yoast SEO plugin. -->","yoast_head_json":{"title":"Job-Quiz - Strandpark Vlugtenburg","robots":{"index":"index","follow":"follow","max-snippet":"max-snippet:-1","max-image-preview":"max-image-preview:large","max-video-preview":"max-video-preview:-1"},"canonical":"https:\/\/vlugtenburg.nl\/de\/job-quiz\/","og_locale":"de_DE","og_type":"article","og_title":"Job-Quiz - Strandpark Vlugtenburg","og_description":"Stellenangebots-Quiz Sind Sie auf der Suche nach dem perfekten Job, der ganz zu Ihnen passt? Dann machen Sie gleich unser Quiz und sehen Sie, welche Stelle am besten zu Ihnen passt! Wir sind ein Ferienpark, der sich st\u00e4ndig weiterentwickelt und die W\u00fcnsche von unsere G\u00e4ste antizipiert. Dies erfordert ein Team wie unsere G\u00e4ste gerne verw\u00f6hnt [&hellip;]","og_url":"https:\/\/vlugtenburg.nl\/de\/job-quiz\/","og_site_name":"Strandpark Vlugtenburg","article_modified_time":"2024-04-18T10:19:51+00:00","twitter_card":"summary_large_image","schema":{"@context":"https:\/\/schema.org","@graph":[{"@type":"WebPage","@id":"https:\/\/vlugtenburg.nl\/de\/job-quiz\/","url":"https:\/\/vlugtenburg.nl\/de\/job-quiz\/","name":"Job-Quiz - Strandpark Vlugtenburg","isPartOf":{"@id":"https:\/\/vlugtenburg.nl\/de\/#website"},"datePublished":"2024-04-18T10:19:49+00:00","dateModified":"2024-04-18T10:19:51+00:00","breadcrumb":{"@id":"https:\/\/vlugtenburg.nl\/de\/job-quiz\/#breadcrumb"},"inLanguage":"de","potentialAction":[{"@type":"ReadAction","target":["https:\/\/vlugtenburg.nl\/de\/job-quiz\/"]}]},{"@type":"BreadcrumbList","@id":"https:\/\/vlugtenburg.nl\/de\/job-quiz\/#breadcrumb","itemListElement":[{"@type":"ListItem","position":1,"name":"Home","item":"https:\/\/vlugtenburg.nl\/de\/"},{"@type":"ListItem","position":2,"name":"Job-Quiz"}]},{"@type":"WebSite","@id":"https:\/\/vlugtenburg.nl\/de\/#website","url":"https:\/\/vlugtenburg.nl\/de\/","name":"Strandpark Vlugtenburg","description":"Vakantiepark aan zee","publisher":{"@id":"https:\/\/vlugtenburg.nl\/de\/#organization"},"potentialAction":[{"@type":"SearchAction","target":{"@type":"EntryPoint","urlTemplate":"https:\/\/vlugtenburg.nl\/de\/?s={search_term_string}"},"query-input":{"@type":"PropertyValueSpecification","valueRequired":true,"valueName":"search_term_string"}}],"inLanguage":"de"},{"@type":"Organization","@id":"https:\/\/vlugtenburg.nl\/de\/#organization","name":"Strandpark Vlugtenburg","url":"https:\/\/vlugtenburg.nl\/de\/","logo":{"@type":"ImageObject","inLanguage":"de","@id":"https:\/\/vlugtenburg.nl\/de\/#\/schema\/logo\/image\/","url":"https:\/\/vlugtenburg.nl\/wp-content\/uploads\/2021\/08\/logo-vlugtenburg.svg","contentUrl":"https:\/\/vlugtenburg.nl\/wp-content\/uploads\/2021\/08\/logo-vlugtenburg.svg","width":596,"height":123,"caption":"Strandpark Vlugtenburg"},"image":{"@id":"https:\/\/vlugtenburg.nl\/de\/#\/schema\/logo\/image\/"}}]}},"_links":{"self":[{"href":"https:\/\/vlugtenburg.nl\/de\/wp-json\/wp\/v2\/pages\/42077","targetHints":{"allow":["GET"]}}],"collection":[{"href":"https:\/\/vlugtenburg.nl\/de\/wp-json\/wp\/v2\/pages"}],"about":[{"href":"https:\/\/vlugtenburg.nl\/de\/wp-json\/wp\/v2\/types\/page"}],"author":[{"embeddable":true,"href":"https:\/\/vlugtenburg.nl\/de\/wp-json\/wp\/v2\/users\/1"}],"replies":[{"embeddable":true,"href":"https:\/\/vlugtenburg.nl\/de\/wp-json\/wp\/v2\/comments?post=42077"}],"version-history":[{"count":1,"href":"https:\/\/vlugtenburg.nl\/de\/wp-json\/wp\/v2\/pages\/42077\/revisions"}],"predecessor-version":[{"id":42080,"href":"https:\/\/vlugtenburg.nl\/de\/wp-json\/wp\/v2\/pages\/42077\/revisions\/42080"}],"wp:attachment":[{"href":"https:\/\/vlugtenburg.nl\/de\/wp-json\/wp\/v2\/media?parent=42077"}],"curies":[{"name":"wp","href":"https:\/\/api.w.org\/{rel}","templated":true}]}}